{"id":77,"date":"2015-06-04T20:29:17","date_gmt":"2015-06-04T19:29:17","guid":{"rendered":"http:\/\/ttc-progetti.studiosarneri.it\/?page_id=77"},"modified":"2015-06-04T20:29:17","modified_gmt":"2015-06-04T19:29:17","slug":"cookie-policy","status":"publish","type":"page","link":"https:\/\/ttc-progetti.studiosarneri.it\/?page_id=77","title":{"rendered":"cookie policy"},"content":{"rendered":"<p>&nbsp;<\/p>\n<p>Informativa sull&#8217;uso dei cookie<\/p>\n<p>I siti web di TTC-progetti. utilizzano cookie e tecnologie simili per garantire il corretto funzionamento delle procedure e migliorare l&#8217;esperienza di uso delle applicazioni online. Il presente documento fornisce informazioni dettagliate sull&#8217;uso dei cookie e di tecnologie similari, su come sono utilizzati da TTC-progetti. e su come gestirli.<\/p>\n<p>Definizioni<\/p>\n<p>I cookie sono brevi frammenti di testo (lettere e\/o numeri) che permettono al server web di memorizzare sul client (il\u00a0<i>browser<\/i>) informazioni da riutilizzare nel corso della medesima visita al sito (cookie di sessione) o in seguito, anche a distanza di giorni (cookie persistenti). I cookie vengono memorizzati, in base alle preferenze dell&#8217;utente, dal singolo\u00a0<i>browser<\/i>\u00a0sullo specifico dispositivo utilizzato (computer, tablet, smartphone).<\/p>\n<p>Tecnologie similari, come, ad esempio, web beacon, GIF trasparenti e tutte le forme di\u00a0<i>storage\u00a0<\/i>locale introdotte con HTML5, sono utilizzabili per raccogliere informazioni sul comportamento dell&#8217;utente e sull&#8217;utilizzo dei servizi.<\/p>\n<p>Nel seguito di questo documento faremo riferimento ai cookie e a tutte le tecnologie similari utilizzando semplicemente il termine \u201ccookie\u201d.<\/p>\n<p>Tipologie di cookie<\/p>\n<p>In base alle caratteristiche e all&#8217;utilizzo dei cookie possiamo distinguere diverse categorie:<\/p>\n<ul>\n<li><b>Cookie strettamente necessari<\/b>. Si tratta di cookie indispensabili per il corretto funzionamento dei siti TTC-progetti. e sono utilizzati per gestire il login e l&#8217;accesso alle funzioni riservate del sito. La durata dei cookie \u00e8 strettamente limitata alla sessione di lavoro (chiuso il\u00a0<i>browser<\/i>\u00a0vengono cancellati), ad eccezione della pagina di registrazione utente \u00a0dove si utilizzano cookie di durata pi\u00f9 lunga (con scadenza 30 giorni) volti a riconoscere, per tale limitato periodo, il computer del visitatore &#8211; attraverso un codice alfa-numerico generato alla prima sessione di accesso &#8211; in modo da riproporgli il risultato del test effettuato dall&#8217;utente. La loro disattivazione compromette l&#8217;utilizzo dei servizi accessibili da\u00a0<i>login<\/i>. La parte pubblica dei siti TTC-progetti. resta normalmente utilizzabile.<\/li>\n<li><b>Cookie di analisi e prestazioni<\/b>. Sono cookie utilizzati per raccogliere e analizzare il traffico e l&#8217;utilizzo del sito in modo anonimo. Questi cookie, pur senza identificare l&#8217;utente, consentono, per esempio, di rilevare se il medesimo utente torna a collegarsi in momenti diversi. Permettono inoltre di monitorare il sistema e migliorarne le prestazioni e l&#8217;usabilit\u00e0. La disattivazione di tali cookie pu\u00f2 essere eseguita senza alcuna perdita di funzionalit\u00e0.<\/li>\n<li><b>Cookie di profilazione<\/b>. Si tratta di cookie permanenti utilizzati per identificare (in modo anonimo e non) le preferenze dell&#8217;utente e migliorare la sua esperienza di navigazione.\u00a0<b>I siti TTC-progetti. non utilizzano cookie di questo tipo.<\/b><\/li>\n<\/ul>\n<p>Cookie di terze parti<\/p>\n<p>Visitando un sito web si possono ricevere cookie sia dal sito visitato (\u201cproprietari\u201d), sia da siti gestiti da altre organizzazioni (\u201cterze parti\u201d). Un esempio notevole \u00e8 rappresentato dalla presenza dei \u201csocial plugin\u201d per Facebook, Twitter, Google+ e LinkedIn. Si tratta di parti della pagina visitata generate direttamente dai suddetti siti ed integrati nella pagina del sito ospitante. L&#8217;utilizzo pi\u00f9 comune dei\u00a0<i>social plugin<\/i>\u00a0\u00e8 finalizzato alla condivisione dei contenuti sui social network.<\/p>\n<p>La presenza di questi\u00a0<i>plugin<\/i>\u00a0comporta la trasmissione di cookie da e verso tutti i siti gestiti da terze parti. La gestione delle informazioni raccolte da \u201cterze parti\u201d \u00e8 \u00a0disciplinata dalle relative informative cui si prega di fare riferimento. Per garantire una maggiore trasparenza e comodit\u00e0, si riportano qui di seguito \u00a0gli indirizzi web delle diverse informative e delle modalit\u00e0 per la gestione dei cookie.<\/p>\n<p>Facebook informativa:\u00a0<a href=\"https:\/\/www.facebook.com\/help\/cookies\/\">https:\/\/www.facebook.com\/help\/cookies\/<\/a><\/p>\n<p>Facebook (configurazione): accedere al proprio account. Sezione privacy.<\/p>\n<p>Twitter informative:\u00a0<a href=\"https:\/\/support.twitter.com\/articles\/20170514\">https:\/\/support.twitter.com\/articles\/20170514<\/a><\/p>\n<p>Twitter (configurazione):\u00a0<a href=\"https:\/\/twitter.com\/settings\/security\">https:\/\/twitter.com\/settings\/security<\/a><\/p>\n<p>Linkedin informativa:\u00a0<a href=\"https:\/\/www.linkedin.com\/legal\/cookie-policy\">https:\/\/www.linkedin.com\/legal\/cookie-policy<\/a><\/p>\n<p>Linkedin (configurazione):\u00a0<a href=\"https:\/\/www.linkedin.com\/settings\/\">https:\/\/www.linkedin.com\/settings\/<\/a><\/p>\n<p>Google+ informativa:\u00a0<a href=\"http:\/\/www.google.it\/intl\/it\/policies\/technologies\/cookies\/\">http:\/\/www.google.it\/intl\/it\/policies\/technologies\/cookies\/<\/a><\/p>\n<p>Google+ (configurazione):\u00a0<a href=\"http:\/\/www.google.it\/intl\/it\/policies\/technologies\/managing\/\">http:\/\/www.google.it\/intl\/it\/policies\/technologies\/managing\/<\/a><\/p>\n<p>Google Analytics<\/p>\n<p>I siti TTC-progetti. includono anche talune componenti trasmesse da Google Analytics, un servizio di analisi del traffico web fornito da Google, Inc. (\u201cGoogle\u201d). Anche in questo caso si tratta di cookie di terze parti raccolti e gestiti in modo anonimo per monitorare e migliorare le prestazioni del sito ospite (performance cookie).<\/p>\n<p>Google Analytics utilizza i &#8220;cookie&#8221; \u00a0per raccogliere e analizzare in forma anonima le informazioni sui comportamenti di utilizzo dei siti web TTC-progetti. (compreso l&#8217;indirizzo IP dell&#8217;utente). Tali informazioni vengono raccolte da Google Analytics, che le elabora allo scopo di redigere report per gli operatori di TTC-progetti. riguardanti le attivit\u00e0 sui siti web stessi. Questo sito non utilizza (e non consente a terzi di utilizzare) lo strumento di analisi di Google per monitorare o per raccogliere informazioni personali di identificazione. Google non associa l&#8217;indirizzo IP a nessun altro dato posseduto da Google n\u00e9 cerca di collegare un indirizzo IP con l&#8217;identit\u00e0 di un utente. Google pu\u00f2 anche comunicare queste informazioni a terzi ove ci\u00f2 sia imposto dalla legge o laddove tali terzi trattino le suddette informazioni per conto di Google.<\/p>\n<p>Per ulteriori informazioni, si rinvia al link di seguito indicato:<\/p>\n<p><a href=\"https:\/\/www.google.it\/policies\/privacy\/partners\/\">https:\/\/www.google.it\/policies\/privacy\/partners\/<\/a><\/p>\n<p>L&#8217;utente pu\u00f2 disabilitare in modo selettivo l&#8217;azione di Google Analytics installando sul proprio\u00a0<i>browser<\/i>\u00a0la componente di\u00a0<i>opt-out<\/i>\u00a0fornito da Google. Per disabilitare l&#8217;azione di Google Analytics, si rinvia al link di seguito indicato:<\/p>\n<p><a href=\"https:\/\/tools.google.com\/dlpage\/gaoptout\">https:\/\/tools.google.com\/dlpage\/gaoptout<\/a><\/p>\n<p>Durata dei cookie<\/p>\n<p>Alcuni cookie (cookie di sessione) restano attivi solo fino alla chiusura del\u00a0<i>browser<\/i>\u00a0o all&#8217;esecuzione del comando di\u00a0<i>logout<\/i>. Altri cookie \u201csopravvivono\u201d alla chiusura del\u00a0<i>browser<\/i>\u00a0e sono disponibili anche in successive visite dell&#8217;utente.<\/p>\n<p>Questi cookie sono detti persistenti e la loro durata \u00e8 fissata dal server al momento della loro creazione. In alcuni casi \u00e8 fissata una scadenza, in altri casi la durata \u00e8 illimitata.<\/p>\n<p>TTC-progetti., ad eccezione del caso in cui \u00a0le informazioni sono memorizzate esclusivamente per finalit\u00e0 tecniche,\u00a0<b>non fa uso di cookie persistenti<\/b>.<\/p>\n<p>Tuttavia, navigando sulle pagine dei siti web TTC-progetti., si pu\u00f2 interagire con siti gestiti da terze parti che possono creare o modificare cookie permanenti e di profilazione.<\/p>\n<p>Gestione dei cookie<\/p>\n<p>L&#8217;utente pu\u00f2 decidere se accettare o meno i cookie utilizzando le impostazioni del proprio\u00a0<i>browser<\/i>.<\/p>\n<p><b>Attenzione<\/b>: la disabilitazione totale o parziale dei cookie tecnici pu\u00f2 compromettere l&#8217;utilizzo delle funzionalit\u00e0 del sito riservate agli utenti registrati. Al contrario, la fruibilit\u00e0 dei contenuti pubblici \u00e8 possibile anche disabilitando completamente i cookie.<\/p>\n<p>La disabilitazione dei cookie \u201cterze parti\u201d non pregiudica in alcun modo la navigabilit\u00e0.<\/p>\n<p>L&#8217;impostazione pu\u00f2 essere definita in modo specifico per i diversi siti e applicazioni web. Inoltre i migliori\u00a0<i>browser<\/i>\u00a0consentono di definire impostazioni diverse per i cookie \u201cproprietari\u201d e per quelli di \u201cterze parti\u201d.<\/p>\n<p>A titolo di esempio, in Firefox, attraverso il menu\u00a0<i>Strumenti-&gt;Opzioni -&gt;Privacy<\/i>, \u00e8 possibile accedere ad un pannello di controllo dove \u00e8 possibile definire se accettare o meno i diversi tipi di cookie e procedere alla loro rimozione.<\/p>\n<p>Chrome:\u00a0<a href=\"https:\/\/support.google.com\/chrome\/answer\/95647?hl=it\">https:\/\/support.google.com\/chrome\/answer\/95647?hl=it<\/a><\/p>\n<p>Firefox:\u00a0<a href=\"https:\/\/support.mozilla.org\/it\/kb\/Gestione%20dei%20cookie\">https:\/\/support.mozilla.org\/it\/kb\/Gestione%20dei%20cookie<\/a><\/p>\n<p>Internet Explorer:\u00a0<a href=\"http:\/\/windows.microsoft.com\/it-it\/windows7\/how-to-manage-cookies-in-internet-explorer-9\">http:\/\/windows.microsoft.com\/it-it\/windows7\/how-to-manage-cookies-in-internet-explorer-9<\/a><\/p>\n<p>Opera:\u00a0<a href=\"http:\/\/help.opera.com\/Windows\/10.00\/it\/cookies.html\">http:\/\/help.opera.com\/Windows\/10.00\/it\/cookies.html<\/a><\/p>\n<p>Safari:\u00a0<a href=\"http:\/\/support.apple.com\/kb\/HT1677?viewlocale=it_IT\">http:\/\/support.apple.com\/kb\/HT1677?viewlocale=it_IT<\/a><\/p>\n<p>&nbsp;<\/p>\n<p>&nbsp;<\/p>\n","protected":false},"excerpt":{"rendered":"<p>&nbsp; Informativa sull&#8217;uso dei cookie I siti web di TTC-progetti. utilizzano cookie e tecnologie simili per garantire il corretto funzionamento delle procedure e migliorare l&#8217;esperienza di uso delle applicazioni online. [&hellip;]<\/p>\n","protected":false},"author":1,"featured_media":0,"parent":32,"menu_order":300,"comment_status":"closed","ping_status":"closed","template":"","meta":{"_monsterinsights_skip_tracking":false,"_monsterinsights_sitenote_active":false,"_monsterinsights_sitenote_note":"","_monsterinsights_sitenote_category":0,"footnotes":""},"_links":{"self":[{"href":"https:\/\/ttc-progetti.studiosarneri.it\/index.php?rest_route=\/wp\/v2\/pages\/77"}],"collection":[{"href":"https:\/\/ttc-progetti.studiosarneri.it\/index.php?rest_route=\/wp\/v2\/pages"}],"about":[{"href":"https:\/\/ttc-progetti.studiosarneri.it\/index.php?rest_route=\/wp\/v2\/types\/page"}],"author":[{"embeddable":true,"href":"https:\/\/ttc-progetti.studiosarneri.it\/index.php?rest_route=\/wp\/v2\/users\/1"}],"replies":[{"embeddable":true,"href":"https:\/\/ttc-progetti.studiosarneri.it\/index.php?rest_route=%2Fwp%2Fv2%2Fcomments&post=77"}],"version-history":[{"count":1,"href":"https:\/\/ttc-progetti.studiosarneri.it\/index.php?rest_route=\/wp\/v2\/pages\/77\/revisions"}],"predecessor-version":[{"id":78,"href":"https:\/\/ttc-progetti.studiosarneri.it\/index.php?rest_route=\/wp\/v2\/pages\/77\/revisions\/78"}],"up":[{"embeddable":true,"href":"https:\/\/ttc-progetti.studiosarneri.it\/index.php?rest_route=\/wp\/v2\/pages\/32"}],"wp:attachment":[{"href":"https:\/\/ttc-progetti.studiosarneri.it\/index.php?rest_route=%2Fwp%2Fv2%2Fmedia&parent=77"}],"curies":[{"name":"wp","href":"https:\/\/api.w.org\/{rel}","templated":true}]}}